{"id":3049,"date":"2022-06-24T10:31:39","date_gmt":"2022-06-24T10:31:39","guid":{"rendered":"https:\/\/foreversummer.agency\/privacy\/"},"modified":"2024-08-04T19:37:43","modified_gmt":"2024-08-04T19:37:43","slug":"confidentialitate","status":"publish","type":"page","link":"https:\/\/foreversummer.agency\/ro\/confidentialitate\/","title":{"rendered":"CONFIDEN\u021aIALITATE"},"content":{"rendered":"\t\t<div data-elementor-type=\"wp-page\" data-elementor-id=\"3049\" class=\"elementor elementor-3049 elementor-3\" data-elementor-post-type=\"page\">\n\t\t\t\t\t\t<section class=\"elementor-section elementor-top-section elementor-element elementor-element-54b24395 wrapper-wide elementor-section-boxed elementor-section-height-default elementor-section-height-default\" data-id=\"54b24395\" data-element_type=\"section\">\n\t\t\t\t\t\t<div class=\"elementor-container elementor-column-gap-default\">\n\t\t\t\t\t<div class=\"elementor-column elementor-col-100 elementor-top-column elementor-element elementor-element-7bbe4f15\" data-id=\"7bbe4f15\" data-element_type=\"column\">\n\t\t\t<div class=\"elementor-widget-wrap elementor-element-populated\">\n\t\t\t\t\t\t<div class=\"elementor-element elementor-element-912ca0e animated-slow elementor-invisible elementor-widget elementor-widget-aliothtextwrapper\" data-id=\"912ca0e\" data-element_type=\"widget\" data-settings=\"{&quot;_animation&quot;:&quot;fadeIn&quot;}\" data-widget_type=\"aliothtextwrapper.default\">\n\t\t\t\t<div class=\"elementor-widget-container\">\n\t\t\t\n\n<div class=\"text-wrapper align-left\">\n\n    <h1 >CONFIDENTIALITATE<\/h1>\n<\/div>\n\n\n\t\t<\/div>\n\t\t\t\t<\/div>\n\t\t\t\t<div class=\"elementor-element elementor-element-2ac96182 elementor-invisible elementor-widget elementor-widget-text-editor\" data-id=\"2ac96182\" data-element_type=\"widget\" data-settings=\"{&quot;_animation&quot;:&quot;fadeInUp&quot;}\" data-widget_type=\"text-editor.default\">\n\t\t\t\t<div class=\"elementor-widget-container\">\n\t\t\t<style>\/*! elementor - v3.20.0 - 26-03-2024 *\/\n.elementor-widget-text-editor.elementor-drop-cap-view-stacked .elementor-drop-cap{background-color:#69727d;color:#fff}.elementor-widget-text-editor.elementor-drop-cap-view-framed .elementor-drop-cap{color:#69727d;border:3px solid;background-color:transparent}.elementor-widget-text-editor:not(.elementor-drop-cap-view-default) .elementor-drop-cap{margin-top:8px}.elementor-widget-text-editor:not(.elementor-drop-cap-view-default) .elementor-drop-cap-letter{width:1em;height:1em}.elementor-widget-text-editor .elementor-drop-cap{float:left;text-align:center;line-height:1;font-size:50px}.elementor-widget-text-editor .elementor-drop-cap-letter{display:inline-block}<\/style>\t\t\t\t<h2>Introducere<\/h2>\n<p>Aceast\u0103 notificare de confiden\u021bialitate explic\u0103 modul \u00een care\u00a0<strong>FOREVER SUMMER<\/strong>\u00a0colecteaz\u0103 \u0219i utilizeaz\u0103 datele cu caracter personal \u0219i descrie drepturile pe care le ave\u021bi cu privire la datele dvs. personale.<\/p>\n<p>\u00cen acest aviz, \u201e<strong>FOREVER SUMMER<\/strong>\u201d, \u201e<strong>nostru<\/strong>\u201d, \u201e<strong>noi<\/strong>\u201d se refer\u0103 la\u00a0<strong>COSMOS COMMUNICATIONS SRL<\/strong>.<\/p>\n<p><strong>FOREVER SUMMER<\/strong>\u00a0prelucreaz\u0103 datele cu caracter personal pentru diverse scopuri.\u00a0Colect\u0103m aceste date personale direct de la dvs., de exemplu, dac\u0103 ne angaja\u021bi, dac\u0103 vizita\u021bi\u00a0<span style=\"color: #df368c;\"><strong><a style=\"color: #df368c;\" href=\"http:\/\/www.foreversummer.agency\">www.foreversummer.agency<\/a> <\/strong><\/span>(site-ul nostru), dac\u0103 trimite\u021bi datele dvs. de contact pentru a primi comunic\u0103ri de marketing de la noi, dac\u0103 trimite\u021bi date legate de eveniment\u00a0s\u0103 participa\u021bi la evenimente\u00a0<strong>FOREVER SUMMER<\/strong>\u00a0sau s\u0103 depune\u021bi o cerere pentru un loc de munc\u0103 prin intermediul site-ului web pentru cariere\u00a0<strong>FOREVER SUMMER<\/strong>.<\/p>\n<p>Dac\u0103 ave\u021bi \u00eentreb\u0103ri cu privire la prelucrarea datelor dvs. personale sau dori\u021bi s\u0103 contacta\u021bi responsabilul cu protec\u021bia datelor al unui\u00a0<strong>FOREVER SUMMER<\/strong>, v\u0103 rug\u0103m s\u0103 trimite\u021bi un e-mail la\u00a0<span style=\"color: #df368c;\"><a style=\"color: #df368c;\" href=\"mailto:info@pricevent.com\"><strong>iwant@foreversummer.agency<\/strong><\/a><\/span>\u00a0\u0219i v\u0103 vom \u00eendruma c\u0103tre persoana sau echipa corespunz\u0103toare din cadrul organiza\u021biei.<\/p>\n<h2>Ce date sunt acoperite?<\/h2>\n<p>\u00cen aceast\u0103 notificare de confiden\u021bialitate, \u201edate cu caracter personal\u201d \u00eenseamn\u0103 orice informa\u021bie referitoare la o persoan\u0103 care poate fi identificat\u0103, direct sau indirect, \u00een special prin referire la un identificator, cum ar fi un nume, un num\u0103r de identificare, date de localizare sau un identificator online.<\/p>\n<h2>Drepturile dumneavoastr\u0103 \u00een leg\u0103tur\u0103 cu datele personale<\/h2>\n<p>Ave\u021bi urm\u0103toarele drepturi \u00een leg\u0103tur\u0103 cu datele dvs. personale:<\/p>\n<ul>\n<li>De a accesa datele personale de\u021binute de\u00a0<strong>FOREVER SUMMER<\/strong>\u00a0despre dvs.<\/li>\n<li>De a v\u0103 corecta datele personale, de exemplu, dac\u0103 acestea sunt incomplete sau incorecte<\/li>\n<li>De a renun\u021ba la primirea comunic\u0103rilor de marketing \u00een orice moment<\/li>\n<li>De a restric\u021biona sau a obiecta la prelucrarea datelor cu caracter personal sau a solicita \u0219tergerea datelor cu caracter personal (\u00een anumite circumstan\u021be \u0219i sub rezerva legii aplicabile)<\/li>\n<li>De a primi o copie a datelor personale pe care le-a\u021bi furnizat c\u0103tre\u00a0<strong>FOREVER SUMMER<\/strong>, \u00eentr-un format structurat, utilizat \u00een mod obi\u0219nuit \u0219i care poate fi citit de ma\u0219in\u0103 (cunoscut sub numele de \u201eportabilitatea datelor\u201d) (\u00een anumite circumstan\u021be \u0219i sub rezerva legii aplicabile)<\/li>\n<li>\u00cen cazul \u00een care a\u021bi furnizat date personale \u00een mod voluntar sau a\u021bi consim\u021bit \u00een alt mod la utilizarea acestora, dreptul de a v\u0103 retrage consim\u021b\u0103m\u00e2ntul<\/li>\n<li>De a formula o reclama\u0163ie la o autoritate pentru protec\u021bia datelor (a se vedea sec\u021biunea \u201eReclama\u021bii\u201d)<\/li>\n<\/ul>\n<p>Dac\u0103 ave\u021bi o \u00eentrebare sau dori\u021bi s\u0103 v\u0103 exercita\u021bi drepturile, v\u0103 rug\u0103m s\u0103 ne contacta\u021bi la\u00a0<span style=\"color: #df368c;\"><a style=\"color: #df368c;\" href=\"mailto:info@pricevent.com\"><strong>iwant@foreversummer.agency<\/strong><\/a>.<\/span><\/p>\n<h2>Scopuri pentru care prelucr\u0103m date cu caracter personal<\/h2>\n<p><strong>FOREVER SUMMER<\/strong>\u00a0colecteaz\u0103, \u00een general, doar informa\u021biile personale necesare pentru a da curs cererilor primite. \u00cen cazul \u00een care se caut\u0103 informa\u021bii suplimentare, op\u021bionale, ve\u021bi fi informat despre acestea la punctul de colectare. Legea ne permite s\u0103 proces\u0103m informa\u021bii personale, at\u00e2ta timp c\u00e2t avem un temei legal pentru a face acest lucru. De asemenea, ne cere s\u0103 v\u0103 spunem care sunt aceste motive. Ca urmare, atunci c\u00e2nd proces\u0103m informa\u021biile dvs. personale, ne vom baza pe una dintre urm\u0103toarele condi\u021bii de procesare:<\/p>\n<ul>\n<li><strong>Executarea unui contract:<\/strong>\u00a0acesta este momentul \u00een care prelucrarea informa\u021biilor dvs. personale este necesar\u0103 pentru a ne \u00eendeplini obliga\u021biile care decurg din contract;<\/li>\n<li><strong>Obliga\u021bie legal\u0103<\/strong>: atunci c\u00e2nd ni se cere s\u0103 proces\u0103m informa\u021biile dvs. personale pentru a ne conforma unei obliga\u021bii legale, cum ar fi p\u0103strarea eviden\u021bei \u00een scopuri fiscale sau furnizarea de informa\u021bii unui organism public sau unei agen\u021bii de aplicare a legii;<\/li>\n<li><strong>Interese legitime:<\/strong>\u00a0vom procesa informa\u021bii despre dvs. acolo unde este \u00een interesul nostru legitim de a conduce o afacere legal\u0103 s\u0103 facem acest lucru pentru a promova acea afacere, at\u00e2ta timp c\u00e2t nu v\u0103 dep\u0103\u0219e\u0219te interesele;\u00a0sau\u00a0Consim\u021b\u0103m\u00e2ntul dvs.: \u00een unele cazuri, v\u0103 vom cere permisiunea specific\u0103 pentru a prelucra unele dintre informa\u021biile dvs. personale \u0219i v\u0103 vom procesa informa\u021biile personale numai \u00een acest mod, dac\u0103 sunte\u021bi de acord s\u0103 facem acest lucru.<\/li>\n<\/ul>\n<p>V\u0103 pute\u021bi retrage consim\u021b\u0103m\u00e2ntul \u00een orice moment contact\u00e2nd\u00a0<strong>FOREVER SUMMER<\/strong>\u00a0la\u00a0<span style=\"color: #df368c;\"><a style=\"color: #df368c;\" href=\"mailto:iwant@foreversummer.agency\"><strong>iwant@foreversummer.agency<\/strong><\/a><\/span>.<\/p>\n<p>Exemple de \u201einterese legitime\u201d men\u021bionate mai sus sunt:<\/p>\n<ul>\n<li>Pentru a oferi informa\u021bii \u0219i \/ sau servicii persoanelor care viziteaz\u0103 site-ul nostru web sau ofer\u0103 informa\u021bii despre oportunit\u0103\u021bi de angajare.<\/li>\n<li>Pentru a preveni frauda sau activitatea infrac\u021bional\u0103 \u0219i pentru a ne proteja sistemele IT.<\/li>\n<li>Pentru a personaliza experien\u021ba online a individului \u0219i a \u00eembun\u0103t\u0103\u021bi performan\u021ba, utilizabilitatea \u0219i eficacitatea prezen\u021bei online a\u00a0<strong>FOREVER SUMMER<\/strong>.<\/li>\n<li>Pentru a desf\u0103\u0219ura \u0219i a analiza activit\u0103\u021bile noastre de marketing<\/li>\n<li>Pentru a ne \u00eendeplini obliga\u021biile de responsabilitate social\u0103 \u0219i corporativ\u0103.<\/li>\n<li>S\u0103 ne exercit\u0103m drepturile fundamentale \u00een UE \u00een temeiul articolelor 16 \u0219i 17 din Carta drepturilor fundamentale, inclusiv libertatea noastr\u0103 de a desf\u0103\u0219ura o afacere \u0219i dreptul la proprietate.<\/li>\n<\/ul>\n<h2>Reclama\u0163ii<\/h2>\n<p>Dac\u0103 sunte\u021bi \u00eengrijorat de o presupus\u0103 \u00eenc\u0103lcare a legii confiden\u021bialit\u0103\u021bii sau de orice alt\u0103 reglementare de c\u0103tre\u00a0<strong>FOREVER SUMMER<\/strong>, ne pute\u021bi contacta la\u00a0<span style=\"color: #df368c;\"><a style=\"color: #df368c;\" href=\"mailto:info@pricevent.com\"><strong>iwant@foreversummer.agency<\/strong><\/a><\/span>. Un reprezentant\u00a0<strong>FOREVER SUMMER<\/strong>\u00a0va investiga reclama\u021bia \u0219i v\u0103 va oferi informa\u021bii despre modul \u00een care va fi tratat\u0103.<\/p>\n<p>De asemenea, ave\u021bi dreptul de a v\u0103 pl\u00e2nge la autoritatea de protec\u021bie a datelor din \u021bara dvs. sau de a trimite problema la o instan\u021b\u0103 cu jurisdic\u021bie competent\u0103 sau a\u0219a cum se specific\u0103 \u00een orice acord de angajament aplicabil cu\u00a0<strong>FOREVER SUMMER<\/strong>.<\/p>\n<h2>Transferul datelor cu caracter personal<\/h2>\n<p>Datele dvs. personale pot fi transferate \u0219i stocate \u00een afara \u021b\u0103rii \u00een care v\u0103 afla\u021bi.\u00a0Aceasta include \u021b\u0103ri din afara\u00a0<strong>Spa\u021biului Economic European (SEE)<\/strong>\u00a0\u0219i \u021b\u0103ri cu legi care nu au fost neap\u0103rat determinate s\u0103 ofere un nivel adecvat de protec\u021bie pentru prelucrarea datelor cu caracter personal \u00een conformitate cu legisla\u021bia UE sau a altor jurisdic\u021bii.<\/p>\n<p>Lu\u0103m m\u0103surile de securitate \u0219i legale adecvate pentru a proteja siguran\u021ba \u0219i integritatea datelor cu caracter personal care sunt transferate \u00een cadrul organiza\u021biei\u00a0<strong>FOREVER SUMMER<\/strong>.<\/p>\n<h2>Alte preciz\u0103ri<\/h2>\n<p><strong>FOREVER SUMMER<\/strong>\u00a0dezv\u0103luie datele dvs. personale:<\/p>\n<ul>\n<li>Acolo unde acest lucru este adecvat scopurilor descrise \u00een sec\u021biunea \u201eScopuri pentru care prelucr\u0103m date cu caracter personal\u201d, inclusiv \u00een cadrul organiza\u021biei\u00a0<strong>FOREVER SUMMER<\/strong><\/li>\n<li>Dac\u0103 este necesar, prin legea aplicabil\u0103<\/li>\n<li>\u00cen leg\u0103tur\u0103 cu o reorganizare sau o combina\u021bie a organiza\u021biei noastre cu o alt\u0103 organiza\u021bie<\/li>\n<li>Dac\u0103 credem c\u0103 o astfel de dezv\u0103luire este adecvat\u0103 pentru a aplica sau a aplica termenii angajamentului \u0219i a altor acorduri sau pentru a proteja \u0219i ap\u0103ra \u00een alt mod drepturile, proprietatea sau siguran\u021ba\u00a0<strong>FOREVER SUMMER<\/strong><\/li>\n<li>Pentru a ne conforma unei proceduri judiciare, a unei hot\u0103r\u00e2ri judec\u0103tore\u0219ti sau a unei alte obliga\u021bii legale sau a unei anchete de reglementare sau guvernamentale<\/li>\n<li>Sau cu acordul dumneavoastr\u0103<\/li>\n<\/ul>\n<p>Destinatarii ter\u021bi ai datelor cu caracter personal includ:<\/p>\n<ul>\n<li>Consilieri profesioni\u0219ti, precum firme de avocatur\u0103, consilieri fiscali sau auditori<\/li>\n<li>Organisme de reglementare \u0219i alte organisme profesionale<\/li>\n<li>Registrele publice ale directorilor de societ\u0103\u021bi \u0219i ac\u021biunilor<\/li>\n<li>Furnizori de servicii de verificare a identit\u0103\u021bii<\/li>\n<li>Instan\u021bele, poli\u021bia \u0219i agen\u021biile de aplicare a legii<\/li>\n<li>Departamentele \u0219i agen\u021biile guvernamentale<\/li>\n<li>Prestatori de servicii<\/li>\n<li>Furnizori de asisten\u021b\u0103<\/li>\n<\/ul>\n<h2>Securitate<\/h2>\n<p><strong>FOREVER SUMMER<\/strong>\u00a0protejeaz\u0103 confiden\u021bialitatea \u0219i securitatea informa\u021biilor pe care le ob\u021bine pe parcursul activit\u0103\u021bii sale. Accesul la astfel de informa\u021bii este limitat \u0219i exist\u0103 politici \u0219i proceduri care sunt concepute pentru a proteja informa\u021biile \u00eempotriva pierderii, utiliz\u0103rii necorespunz\u0103toare \u0219i divulg\u0103rii necorespunz\u0103toare.<\/p>\n<p><strong>FOREVER SUMMER<\/strong>\u00a0dispune de politici \u0219i proceduri de securitate rezonabile pentru a proteja informa\u021biile personale \u00eempotriva pierderii neautorizate, utiliz\u0103rii necorespunz\u0103toare, modific\u0103rii sau distrugerii. \u00cen ciuda eforturilor depuse de\u00a0<strong>FOREVER SUMMER<\/strong>, totu\u0219i, securitatea nu poate fi absolut garantat\u0103 \u00eempotriva tuturor amenin\u021b\u0103rilor. Pe c\u00e2t putem, accesul la informa\u021biile dvs. personale este limitat la cei care au nevoie s\u0103 \u0219tie. Persoanele care au acces la date trebuie s\u0103 p\u0103streze confiden\u021bialitatea acestor informa\u021bii.<\/p>\n<p>Pentru a v\u0103 proteja datele, am adoptat m\u0103suri tehnice \u0219i organizatorice, \u00een special \u00eempotriva pierderii, manipul\u0103rii sau accesului neautorizat. M\u0103surile adoptate sunt verificate \u00een mod regulat \u0219i sunt adaptate constant \u00een conformitate cu cele mai noi standarde tehnice aplicabile.<\/p>\n<h2>P\u0103strarea actualizat\u0103 a datelor dvs. personale<\/h2>\n<p>Men\u021binem acurate\u021bea \u0219i caracterul complet al datelor cu caracter personal pe care le de\u021binem. Este important s\u0103 ne informa\u021bi cu privire la orice actualiz\u0103ri ale detaliilor dvs. de contact sau ale altor date personale, astfel \u00eenc\u00e2t s\u0103 avem cele mai actualizate informa\u021bii despre dvs.<\/p>\n<h2>Reten\u0163ie<\/h2>\n<p>Politica noastr\u0103 este de a p\u0103stra datele cu caracter personal numai at\u00e2t timp c\u00e2t este necesar pentru scopurile descrise \u00een sec\u021biunea \u201eScopurile pentru care prelucr\u0103m datele cu caracter personal\u201d. Re\u021bine\u021bi c\u0103 perioadele de p\u0103strare variaz\u0103 \u00een diferite jurisdic\u021bii \u0219i sunt stabilite \u00een conformitate cu cerin\u021bele locale de reglementare \u0219i de p\u0103strare profesional\u0103.<\/p>\n<p>Pentru a ne \u00eendeplini cerin\u021bele profesionale \u0219i legale, pentru a stabili, exercita sau ap\u0103ra drepturile noastre legale \u0219i pentru arhivare \u0219i scopuri istorice, trebuie s\u0103 p\u0103str\u0103m informa\u021bii pentru perioade semnificative de timp.<\/p>\n<h2>Minori<\/h2>\n<p>Site-ul nostru nu este destinat utiliz\u0103rii minorilor cu v\u00e2rsta sub \u0219aisprezece (16) ani.\u00a0<strong>FOREVER SUMMER<\/strong>\u00a0nu colecteaz\u0103, dezv\u0103luie sau vinde cu bun\u0103 \u0219tiin\u021b\u0103 datele personale ale minorilor cu v\u00e2rsta sub 16 ani.\u00a0Dac\u0103 ave\u021bi sub 16 ani, v\u0103 rug\u0103m s\u0103 nu furniza\u021bi date cu caracter personal, chiar dac\u0103 vi se solicit\u0103 acest lucru.\u00a0Dac\u0103 crede\u021bi c\u0103 a\u021bi furnizat din gre\u0219eal\u0103 date cu caracter personal, v\u0103 rug\u0103m s\u0103 cere\u021bi p\u0103rintelui sau tutorelui legal s\u0103 ne anun\u021be \u0219i vom \u0219terge datele dvs. cu caracter personal.<\/p>\n<h2>Modific\u0103ri la aceast\u0103 politic\u0103 de confiden\u021bialitate<\/h2>\n<p>Ocazional vom actualiza aceast\u0103 politic\u0103 de confiden\u021bialitate pentru a reflecta modific\u0103rile practicilor \u0219i serviciilor noastre. C\u00e2nd post\u0103m modific\u0103ri la aceast\u0103 not\u0103 de confiden\u021bialitate, vom revizui data \u201eultimei actualiz\u0103ri\u201d \u00een partea de sus a acestei notific\u0103ri de confiden\u021bialitate. Dac\u0103 facem modific\u0103ri semnificative \u00een modul \u00een care colect\u0103m, utiliz\u0103m \u0219i partaj\u0103m datele cu caracter personal, v\u0103 vom notifica prin postarea \u00een mod vizibil a modific\u0103rilor pe site-ul web. V\u0103 recomand\u0103m s\u0103 verifica\u021bi din c\u00e2nd \u00een c\u00e2nd aceast\u0103 pagin\u0103 pentru a v\u0103 informa cu privire la orice modificare a acestei notific\u0103ri de confiden\u021bialitate.<\/p>\n<h2>\u00centreb\u0103ri privind politica \u0219i aplicarea ei<\/h2>\n<p><strong>FOREVER SUMMER<\/strong>\u00a0se angajeaz\u0103 s\u0103 protejeze confiden\u021bialitatea informa\u021biilor dvs. personale. Dac\u0103 ave\u021bi \u00eentreb\u0103ri sau comentarii cu privire la administrarea informa\u021biilor dvs. personale, v\u0103 rug\u0103m s\u0103 ne contacta\u021bi la\u00a0<a href=\"mailto:info@pricevent.com\"><strong><span style=\"color: #df368c;\">iwant@foreversummer.agency<\/span><\/strong><\/a>. De asemenea, pute\u021bi utiliza aceast\u0103 adres\u0103 pentru a comunica orice preocup\u0103ri pe care le ave\u021bi cu privire la respectarea Declara\u021biei noastre de confiden\u021bialitate.<\/p>\n<p>Dac\u0103 nu sunte\u021bi mul\u021bumit de r\u0103spunsul pe care \u00eel primi\u021bi, pute\u021bi depune o reclama\u021bie la Autoritatea local\u0103 pentru protec\u021bia datelor la urm\u0103toarele date de contact:<\/p>\n<p><strong>Autoritatea Na\u021bional\u0103 de Supraveghere pentru Prelucrarea Datelor cu Caracter Personal<\/strong><\/p>\n<p>28-30 B-dul G-ral Gheorghe Magheru, Sector 1<br \/>Cod po\u0219tal 010336, Bucure\u0219ti, Rom\u00e2nia<br \/>E-mail:\u00a0<span style=\"color: #df368c;\"><a style=\"color: #df368c;\" href=\"mailto:anspdcp@dataprotection.ro\"><strong>anspdcp@dataprotection.ro<\/strong><\/a><\/span><br \/>Num\u0103r de telefon: +40.318.059.211<br \/>Site web:\u00a0<span style=\"color: #df368c;\"><strong><a style=\"color: #df368c;\" href=\"https:\/\/www.dataprotection.ro\/\" target=\"_blank\" rel=\"noopener\">www.dataprotection.ro<\/a><\/strong><\/span><\/p>\n<p>\u00a0<\/p>\t\t\t\t\t\t<\/div>\n\t\t\t\t<\/div>\n\t\t\t\t<div class=\"elementor-element elementor-element-d4640fa animated-slow elementor-invisible elementor-widget elementor-widget-aliothbutton\" data-id=\"d4640fa\" data-element_type=\"widget\" data-settings=\"{&quot;_animation&quot;:&quot;fadeIn&quot;,&quot;_animation_delay&quot;:1200}\" data-widget_type=\"aliothbutton.default\">\n\t\t\t\t<div class=\"elementor-widget-container\">\n\t\t\t\n<!--Button-->\n<div class=\"alioth-button align-left button-classic light\">\n\n    <div class=\"a-button style_1 light\">\n\n        <!--Button URL-->\n        <a href=\"\/ro\/\">FRUMOS, \u00ceNAPOI LA PRIMA PAGIN\u0102\n            <!--Button Icon-->\n            <i aria-hidden=\"true\" class=\"fas fa-ice-cream\"><\/i>            <!--\/Button Icon-->\n\n        <\/a>\n        <!--\/Button URL-->\n\n    <\/div>\n\n<\/div>\n    <!--\/Button-->\n\n\t\t<\/div>\n\t\t\t\t<\/div>\n\t\t\t\t\t<\/div>\n\t\t<\/div>\n\t\t\t\t\t<\/div>\n\t\t<\/section>\n\t\t\t\t<\/div>\n\t\t","protected":false},"excerpt":{"rendered":"<p>CONFIDENTIALITATE Introducere Aceast\u0103 notificare de confiden\u021bialitate explic\u0103 modul \u00een care\u00a0FOREVER SUMMER\u00a0colecteaz\u0103 \u0219i utilizeaz\u0103 datele cu caracter personal \u0219i descrie drepturile pe care le ave\u021bi cu privire la datele dvs. personale. \u00cen acest aviz, \u201eFOREVER SUMMER\u201d, \u201enostru\u201d, \u201enoi\u201d se refer\u0103 la\u00a0COSMOS COMMUNICATIONS SRL. FOREVER SUMMER\u00a0prelucreaz\u0103 datele cu caracter personal pentru diverse scopuri.\u00a0Colect\u0103m aceste date personale direct [&hellip;]<\/p>\n","protected":false},"author":1,"featured_media":0,"parent":0,"menu_order":0,"comment_status":"closed","ping_status":"closed","template":"","meta":{"_acf_changed":false,"footnotes":""},"class_list":["post-3049","page","type-page","status-publish","hentry"],"acf":[],"_links":{"self":[{"href":"https:\/\/foreversummer.agency\/ro\/wp-json\/wp\/v2\/pages\/3049","targetHints":{"allow":["GET"]}}],"collection":[{"href":"https:\/\/foreversummer.agency\/ro\/wp-json\/wp\/v2\/pages"}],"about":[{"href":"https:\/\/foreversummer.agency\/ro\/wp-json\/wp\/v2\/types\/page"}],"author":[{"embeddable":true,"href":"https:\/\/foreversummer.agency\/ro\/wp-json\/wp\/v2\/users\/1"}],"replies":[{"embeddable":true,"href":"https:\/\/foreversummer.agency\/ro\/wp-json\/wp\/v2\/comments?post=3049"}],"version-history":[{"count":8,"href":"https:\/\/foreversummer.agency\/ro\/wp-json\/wp\/v2\/pages\/3049\/revisions"}],"predecessor-version":[{"id":3064,"href":"https:\/\/foreversummer.agency\/ro\/wp-json\/wp\/v2\/pages\/3049\/revisions\/3064"}],"wp:attachment":[{"href":"https:\/\/foreversummer.agency\/ro\/wp-json\/wp\/v2\/media?parent=3049"}],"curies":[{"name":"wp","href":"https:\/\/api.w.org\/{rel}","templated":true}]}}